{"id":227,"date":"2024-12-02T18:07:26","date_gmt":"2024-12-02T18:07:26","guid":{"rendered":"https:\/\/kib.ee\/kotisivu\/"},"modified":"2025-01-30T11:23:00","modified_gmt":"2025-01-30T11:23:00","slug":"kotisivu","status":"publish","type":"page","link":"https:\/\/kib.ee\/fi\/","title":{"rendered":"Kotisivu"},"content":{"rendered":"\n<div class=\"wp-block-group alignfull has-background-background-color has-background has-global-padding is-layout-constrained wp-container-core-group-is-layout-38cedfe0 wp-block-group-is-layout-constrained\" id=\"avaleht\" style=\"margin-top:0;margin-bottom:0;padding-top:var(--wp--preset--spacing--40);padding-right:var(--wp--preset--spacing--30);padding-bottom:var(--wp--preset--spacing--60);padding-left:var(--wp--preset--spacing--30)\">\n<div class=\"wp-block-columns alignwide are-vertically-aligned-center is-layout-flex wp-container-core-columns-is-layout-d0bbbce0 wp-block-columns-is-layout-flex\">\n<div class=\"wp-block-column is-vertically-aligned-center is-layout-flow wp-block-column-is-layout-flow\">\n<h1 class=\"wp-block-heading\" style=\"margin-top:12px\">Tutustu KIB:n korkealaatuisiin teknisiin harjoihin!<\/h1>\n\n\n\n<p style=\"margin-top:16px\">Olemme luotettava kumppani, joka tarjoaa korkealaatuisia teknisi\u00e4 harjoja.\nTarjoamme ratkaisuja katujen puhdistukseen, lentokentille ja teollisuuteen. <\/p>\n\n\n\n<div class=\"wp-block-buttons is-layout-flex wp-container-core-buttons-is-layout-12dcd427 wp-block-buttons-is-layout-flex\" style=\"margin-top:var(--wp--preset--spacing--40)\">\n<div class=\"wp-block-button\"><a class=\"wp-block-button__link wp-element-button\" href=\"#kontakt\">Ota yhteytt\u00e4!<\/a><\/div>\n<\/div>\n<\/div>\n\n\n\n<div class=\"wp-block-column is-vertically-aligned-center is-layout-flow wp-block-column-is-layout-flow\">\n<div class=\"wp-block-group has-global-padding is-layout-constrained wp-block-group-is-layout-constrained\">\n<figure class=\"wp-block-image size-full is-style-rounded\"><img loading=\"lazy\" decoding=\"async\" width=\"706\" height=\"496\" src=\"https:\/\/kib.ee\/wp-content\/uploads\/2025\/01\/Sweeper-brush-2-1.jpg\" alt=\"\" class=\"wp-image-195\" srcset=\"https:\/\/kib.ee\/wp-content\/uploads\/2025\/01\/Sweeper-brush-2-1.jpg 706w, https:\/\/kib.ee\/wp-content\/uploads\/2025\/01\/Sweeper-brush-2-1-300x211.jpg 300w\" sizes=\"auto, (max-width: 706px) 100vw, 706px\" \/><\/figure>\n<\/div>\n<\/div>\n<\/div>\n<\/div>\n\n<div class=\"wp-block-group alignfull has-tertiary-background-color has-background has-global-padding is-layout-constrained wp-container-core-group-is-layout-7276a2bb wp-block-group-is-layout-constrained\" id=\"tooted\" style=\"margin-top:0;margin-bottom:0;padding-top:var(--wp--preset--spacing--60);padding-right:var(--wp--preset--spacing--30);padding-bottom:var(--wp--preset--spacing--60);padding-left:var(--wp--preset--spacing--30)\">\n<div class=\"wp-block-group alignwide has-global-padding is-content-justification-left is-layout-constrained wp-container-core-group-is-layout-8b4c372c wp-block-group-is-layout-constrained\">\n<h2 class=\"wp-block-heading has-large-font-size\">Tuotesegmenttimme  <\/h2>\n\n\n\n<p style=\"margin-top:16px\">Yrityksemme KIB tarjoaa laajan valikoiman harjoja huippulaadulla ja kilpailukykyiseen hintaan.  <\/p>\n<\/div>\n\n\n\n<div class=\"wp-block-columns alignwide is-layout-flex wp-container-core-columns-is-layout-28f84493 wp-block-columns-is-layout-flex\">\n<div class=\"wp-block-column is-layout-flow wp-block-column-is-layout-flow\">\n<figure class=\"wp-block-image size-full\"><img loading=\"lazy\" decoding=\"async\" width=\"600\" height=\"400\" src=\"https:\/\/kib.ee\/wp-content\/uploads\/2025\/01\/Full-plastic-brush-ring.jpg\" alt=\"\" class=\"wp-image-175\" style=\"aspect-ratio:1;object-fit:cover\" srcset=\"https:\/\/kib.ee\/wp-content\/uploads\/2025\/01\/Full-plastic-brush-ring.jpg 600w, https:\/\/kib.ee\/wp-content\/uploads\/2025\/01\/Full-plastic-brush-ring-300x200.jpg 300w\" sizes=\"auto, (max-width: 600px) 100vw, 600px\" \/><\/figure>\n\n\n\n<h3 class=\"wp-block-heading has-text-align-left\" style=\"margin-top:20px;font-size:clamp(14px, 0.875rem + ((1vw - 3.2px) * 0.417), 18px);\">Muoviset harjakiekot <\/h3>\n\n\n\n<p class=\"has-text-align-left\">Saatavana sek\u00e4 suorana ett\u00e4 siksak-muodossa.<\/p>\n<\/div>\n\n\n\n<div class=\"wp-block-column is-layout-flow wp-block-column-is-layout-flow\">\n<figure class=\"wp-block-image size-full\"><img loading=\"lazy\" decoding=\"async\" width=\"1200\" height=\"800\" src=\"https:\/\/kib.ee\/wp-content\/uploads\/2025\/01\/Metal-brush-ring.jpg\" alt=\"\" class=\"wp-image-170\" style=\"aspect-ratio:1;object-fit:cover\" srcset=\"https:\/\/kib.ee\/wp-content\/uploads\/2025\/01\/Metal-brush-ring.jpg 1200w, https:\/\/kib.ee\/wp-content\/uploads\/2025\/01\/Metal-brush-ring-300x200.jpg 300w, https:\/\/kib.ee\/wp-content\/uploads\/2025\/01\/Metal-brush-ring-1024x683.jpg 1024w, https:\/\/kib.ee\/wp-content\/uploads\/2025\/01\/Metal-brush-ring-768x512.jpg 768w\" sizes=\"auto, (max-width: 1200px) 100vw, 1200px\" \/><\/figure>\n\n\n\n<h3 class=\"wp-block-heading has-text-align-left\" style=\"margin-top:20px;font-size:clamp(14px, 0.875rem + ((1vw - 3.2px) * 0.417), 18px);\">Metalliset harjakiekot <\/h3>\n\n\n\n<p class=\"has-text-align-left\">0,45 metallilangalla ja metallisyd\u00e4mell\u00e4.<\/p>\n<\/div>\n\n\n\n<div class=\"wp-block-column is-layout-flow wp-block-column-is-layout-flow\">\n<figure class=\"wp-block-image size-full\"><img loading=\"lazy\" decoding=\"async\" width=\"594\" height=\"420\" src=\"https:\/\/kib.ee\/wp-content\/uploads\/2024\/12\/channel.jpg\" alt=\"\" class=\"wp-image-75\" style=\"aspect-ratio:1;object-fit:cover\" srcset=\"https:\/\/kib.ee\/wp-content\/uploads\/2024\/12\/channel.jpg 594w, https:\/\/kib.ee\/wp-content\/uploads\/2024\/12\/channel-300x212.jpg 300w\" sizes=\"auto, (max-width: 594px) 100vw, 594px\" \/><\/figure>\n\n\n\n<h3 class=\"wp-block-heading has-text-align-left\" style=\"margin-top:20px;font-size:clamp(14px, 0.875rem + ((1vw - 3.2px) * 0.417), 18px);\">Sivuharjat  <\/h3>\n\n\n\n<p class=\"has-text-align-left\">Saatavana metalli-, muovi- ja mixina-vaihtoehtoja.<\/p>\n<\/div>\n\n\n\n<div class=\"wp-block-column is-layout-flow wp-block-column-is-layout-flow\">\n<figure class=\"wp-block-image size-full\"><img loading=\"lazy\" decoding=\"async\" width=\"493\" height=\"506\" src=\"https:\/\/kib.ee\/wp-content\/uploads\/2024\/12\/roller.png\" alt=\"\" class=\"wp-image-78\" style=\"aspect-ratio:1;object-fit:cover\" srcset=\"https:\/\/kib.ee\/wp-content\/uploads\/2024\/12\/roller.png 493w, https:\/\/kib.ee\/wp-content\/uploads\/2024\/12\/roller-292x300.png 292w\" sizes=\"auto, (max-width: 493px) 100vw, 493px\" \/><\/figure>\n\n\n\n<h3 class=\"wp-block-heading has-text-align-left\" style=\"margin-top:20px;font-size:clamp(14px, 0.875rem + ((1vw - 3.2px) * 0.417), 18px);\">Harjavalssit<\/h3>\n\n\n\n<p class=\"has-text-align-left\">Saatavana muovisena ja sekoitettuna.<\/p>\n<\/div>\n<\/div>\n\n\n\n<div class=\"wp-block-columns alignwide is-layout-flex wp-container-core-columns-is-layout-28f84493 wp-block-columns-is-layout-flex\">\n<div class=\"wp-block-column is-layout-flow wp-block-column-is-layout-flow\">\n<figure class=\"wp-block-image size-full\"><img loading=\"lazy\" decoding=\"async\" width=\"1701\" height=\"1372\" src=\"https:\/\/kib.ee\/wp-content\/uploads\/2025\/01\/Strip-brush-1.jpg\" alt=\"\" class=\"wp-image-217\" style=\"aspect-ratio:1;object-fit:cover\" srcset=\"https:\/\/kib.ee\/wp-content\/uploads\/2025\/01\/Strip-brush-1.jpg 1701w, https:\/\/kib.ee\/wp-content\/uploads\/2025\/01\/Strip-brush-1-300x242.jpg 300w, https:\/\/kib.ee\/wp-content\/uploads\/2025\/01\/Strip-brush-1-1024x826.jpg 1024w, https:\/\/kib.ee\/wp-content\/uploads\/2025\/01\/Strip-brush-1-768x619.jpg 768w, https:\/\/kib.ee\/wp-content\/uploads\/2025\/01\/Strip-brush-1-1536x1239.jpg 1536w\" sizes=\"auto, (max-width: 1701px) 100vw, 1701px\" \/><\/figure>\n\n\n\n<h3 class=\"wp-block-heading has-text-align-left\" style=\"margin-top:20px;font-size:clamp(14px, 0.875rem + ((1vw - 3.2px) * 0.417), 18px);\">Harjalista <\/h3>\n\n\n\n<p>Vaihtoehdot sek\u00e4 C-, H- ett\u00e4 T-profiileille.<\/p>\n<\/div>\n\n\n\n<div class=\"wp-block-column is-layout-flow wp-block-column-is-layout-flow\">\n<figure class=\"wp-block-image size-full\"><img loading=\"lazy\" decoding=\"async\" width=\"1030\" height=\"915\" src=\"https:\/\/kib.ee\/wp-content\/uploads\/2025\/01\/Rope-brush-2.jpg\" alt=\"\" class=\"wp-image-204\" style=\"aspect-ratio:1;object-fit:cover\" srcset=\"https:\/\/kib.ee\/wp-content\/uploads\/2025\/01\/Rope-brush-2.jpg 1030w, https:\/\/kib.ee\/wp-content\/uploads\/2025\/01\/Rope-brush-2-300x267.jpg 300w, https:\/\/kib.ee\/wp-content\/uploads\/2025\/01\/Rope-brush-2-1024x910.jpg 1024w, https:\/\/kib.ee\/wp-content\/uploads\/2025\/01\/Rope-brush-2-768x682.jpg 768w\" sizes=\"auto, (max-width: 1030px) 100vw, 1030px\" \/><\/figure>\n\n\n\n<h3 class=\"wp-block-heading has-text-align-left\" style=\"margin-top:20px;font-size:clamp(14px, 0.875rem + ((1vw - 3.2px) * 0.417), 18px);\">Vaihdettavat vaijeriharjat<\/h3>\n\n\n\n<p><\/p>\n<\/div>\n\n\n\n<div class=\"wp-block-column is-layout-flow wp-block-column-is-layout-flow\">\n<figure class=\"wp-block-image size-full\"><img loading=\"lazy\" decoding=\"async\" width=\"1200\" height=\"800\" src=\"https:\/\/kib.ee\/wp-content\/uploads\/2025\/01\/Weed-brush.jpg\" alt=\"\" class=\"wp-image-179\" style=\"aspect-ratio:1;object-fit:cover\" srcset=\"https:\/\/kib.ee\/wp-content\/uploads\/2025\/01\/Weed-brush.jpg 1200w, https:\/\/kib.ee\/wp-content\/uploads\/2025\/01\/Weed-brush-300x200.jpg 300w, https:\/\/kib.ee\/wp-content\/uploads\/2025\/01\/Weed-brush-1024x683.jpg 1024w, https:\/\/kib.ee\/wp-content\/uploads\/2025\/01\/Weed-brush-768x512.jpg 768w\" sizes=\"auto, (max-width: 1200px) 100vw, 1200px\" \/><\/figure>\n\n\n\n<h3 class=\"wp-block-heading has-text-align-left\" style=\"margin-top:20px;font-size:clamp(14px, 0.875rem + ((1vw - 3.2px) * 0.417), 18px);\">Rikkaruohoharjat<\/h3>\n\n\n\n<p class=\"has-small-font-size\" style=\"margin-top:4px;font-style:normal;font-weight:700\"><\/p>\n<\/div>\n\n\n\n<div class=\"wp-block-column is-layout-flow wp-block-column-is-layout-flow\">\n<figure class=\"wp-block-image size-full\"><img loading=\"lazy\" decoding=\"async\" width=\"768\" height=\"512\" src=\"https:\/\/kib.ee\/wp-content\/uploads\/2025\/01\/Industrial-Brushes.jpg\" alt=\"\" class=\"wp-image-207\" style=\"aspect-ratio:1;object-fit:cover\" srcset=\"https:\/\/kib.ee\/wp-content\/uploads\/2025\/01\/Industrial-Brushes.jpg 768w, https:\/\/kib.ee\/wp-content\/uploads\/2025\/01\/Industrial-Brushes-300x200.jpg 300w\" sizes=\"auto, (max-width: 768px) 100vw, 768px\" \/><\/figure>\n\n\n\n<h3 class=\"wp-block-heading has-text-align-left\" style=\"margin-top:20px;font-size:clamp(14px, 0.875rem + ((1vw - 3.2px) * 0.417), 18px);\">Teollisuusharjat<\/h3>\n\n\n\n<p class=\"has-small-font-size\" style=\"margin-top:4px;font-style:normal;font-weight:700\"><\/p>\n<\/div>\n<\/div>\n<\/div>\n\n<div class=\"wp-block-group alignfull has-background-background-color has-background has-global-padding is-layout-constrained wp-container-core-group-is-layout-68d5e5bb wp-block-group-is-layout-constrained\" id=\"meist\" style=\"margin-top:0;margin-bottom:0;padding-top:var(--wp--preset--spacing--50);padding-right:var(--wp--preset--spacing--30);padding-bottom:var(--wp--preset--spacing--60);padding-left:var(--wp--preset--spacing--30)\">\n<div class=\"wp-block-group alignwide has-tertiary-background-color has-background has-global-padding is-layout-constrained wp-container-core-group-is-layout-056f53c0 wp-block-group-is-layout-constrained\" style=\"border-radius:1.5rem;padding-top:var(--wp--preset--spacing--40);padding-right:var(--wp--preset--spacing--40);padding-bottom:var(--wp--preset--spacing--40);padding-left:var(--wp--preset--spacing--40)\">\n<div class=\"wp-block-group alignwide has-global-padding is-content-justification-left is-layout-constrained wp-container-core-group-is-layout-12dd3699 wp-block-group-is-layout-constrained\">\n<h2 class=\"wp-block-heading\" style=\"margin-top:12px\">Arvomme<\/h2>\n\n\n\n<p class=\"has-medium-font-size\" style=\"margin-top:16px\">Toimintatapamme perustana olevat arvot ovat kehittyneet monien vuosien aikana.\nSek\u00e4 asiakkaat ett\u00e4 muut osapuolet arvostavat n\u00e4it\u00e4 arvoja, ja ne ovat luoneet perustan kest\u00e4ville suhteille. <\/p>\n<\/div>\n\n\n\n<div class=\"wp-block-columns alignwide is-layout-flex wp-container-core-columns-is-layout-47c06fe3 wp-block-columns-is-layout-flex\">\n<div class=\"wp-block-column is-layout-flow wp-block-column-is-layout-flow\">\n<div class=\"wp-block-group has-global-padding is-layout-constrained wp-block-group-is-layout-constrained\">\n<h3 class=\"wp-block-heading\" style=\"font-size:clamp(14px, 0.875rem + ((1vw - 3.2px) * 0.625), 20px);line-height:1.5\">Liiketoimintakyky<\/h3>\n\n\n\n<p class=\"has-small-font-size\" style=\"margin-top:8px\">Meill\u00e4 on kokonaisvaltainen n\u00e4kemys ja yhteisty\u00f6h\u00f6n perustuva l\u00e4hestymistapa.\nKeskitymme tuloksiin vahvalla sitoutumisella.\nAjattelemme eteenp\u00e4in ja otamme huomioon asiakkaidemme tulevat tarpeet.  <\/p>\n<\/div>\n\n\n\n<div class=\"wp-block-group has-global-padding is-layout-constrained wp-block-group-is-layout-constrained\">\n<h3 class=\"wp-block-heading\" style=\"font-size:clamp(14px, 0.875rem + ((1vw - 3.2px) * 0.625), 20px);line-height:1.5\">Innovaation voima<\/h3>\n\n\n\n<p class=\"has-small-font-size\" style=\"margin-top:8px\">Olemme uteliaita ja kekseli\u00e4it\u00e4, ja ty\u00f6mme synnytt\u00e4\u00e4 monia uusia ideoita teknologian ja ty\u00f6menetelmien kehitt\u00e4miseksi.<\/p>\n<\/div>\n<\/div>\n\n\n\n<div class=\"wp-block-column is-layout-flow wp-block-column-is-layout-flow\">\n<div class=\"wp-block-group has-global-padding is-layout-constrained wp-block-group-is-layout-constrained\">\n<h3 class=\"wp-block-heading\" style=\"font-size:clamp(14px, 0.875rem + ((1vw - 3.2px) * 0.625), 20px);line-height:1.5\">Vastuuntunto<\/h3>\n\n\n\n<p class=\"has-small-font-size\" style=\"margin-top:8px\">Otamme t\u00e4yden vastuun siit\u00e4, ett\u00e4 teknologia ja toimitukset toimivat alusta loppuun.\nYmm\u00e4rr\u00e4mme, ett\u00e4 kyseess\u00e4 on suuri arvo ja ett\u00e4 roolimme voi olla ratkaiseva.\nTurvallisuus on meille etusijalla, ja pid\u00e4mme aina huolen siit\u00e4, ett\u00e4 lupauksemme t\u00e4yttyv\u00e4t.  <\/p>\n<\/div>\n<\/div>\n\n\n\n<div class=\"wp-block-column is-layout-flow wp-block-column-is-layout-flow\">\n<div class=\"wp-block-group has-global-padding is-layout-constrained wp-block-group-is-layout-constrained\">\n<h3 class=\"wp-block-heading\" style=\"font-size:clamp(14px, 0.875rem + ((1vw - 3.2px) * 0.625), 20px);line-height:1.5\">Yksinkertaisuus<\/h3>\n\n\n\n<p class=\"has-small-font-size\" style=\"margin-top:8px\">Selke\u00e4\u00e4 tietoa ja nopeaa toimintaa asiakkaidemme tarpeiden t\u00e4ytt\u00e4miseksi.\nTy\u00f6skentelyn kanssamme pit\u00e4isi olla turvallinen ja miellytt\u00e4v\u00e4 kokemus. <\/p>\n<\/div>\n<\/div>\n<\/div>\n<\/div>\n<\/div>\n\n<div class=\"wp-block-group alignfull has-background-background-color has-background has-global-padding is-layout-constrained wp-container-core-group-is-layout-7276a2bb wp-block-group-is-layout-constrained\" id=\"kontakt\" style=\"margin-top:0;margin-bottom:0;padding-top:var(--wp--preset--spacing--60);padding-right:var(--wp--preset--spacing--30);padding-bottom:var(--wp--preset--spacing--60);padding-left:var(--wp--preset--spacing--30)\">\n<div class=\"wp-block-columns alignwide is-layout-flex wp-container-core-columns-is-layout-fa584acd wp-block-columns-is-layout-flex\">\n<div class=\"wp-block-column is-layout-flow wp-block-column-is-layout-flow\" style=\"flex-basis:50%\">\n<h2 class=\"wp-block-heading has-large-font-size\">Kysy meilt\u00e4 lis\u00e4tietoja teknisist\u00e4 harjoista.<\/h2>\n\n\n\n<p><\/p>\n\n\n\n<p style=\"margin-top:0;margin-bottom:12px\"><strong>Saaremaa, Viro<\/strong><\/p>\n\n\n\n<p class=\"has-small-font-size\" style=\"margin-top:8px\">+372 53475767<\/p>\n\n\n\n<p class=\"has-small-font-size\" style=\"margin-top:8px\">info@kib.ee<\/p>\n<\/div>\n\n\n\n<div class=\"wp-block-column is-layout-flow wp-block-column-is-layout-flow\" style=\"flex-basis:50%\"><div class=\"wpforms-container wpforms-container-full wpforms-block wpforms-block-2d1f8bcb-7003-4266-bd15-c616f26c6fa2 wpforms-render-modern\" id=\"wpforms-101\"><form id=\"wpforms-form-101\" class=\"wpforms-validate wpforms-form wpforms-ajax-form\" data-formid=\"101\" method=\"post\" enctype=\"multipart\/form-data\" action=\"\/fi\/wp-json\/wp\/v2\/pages\/227\" data-token=\"8a7532dba0ffdb7bbc3ab25cea2cc7d8\" data-token-time=\"1775907453\"><noscript class=\"wpforms-error-noscript\">Please enable JavaScript in your browser to complete this form.<\/noscript><div id=\"wpforms-error-noscript\" style=\"display: none;\">Please enable JavaScript in your browser to complete this form.<\/div><div class=\"wpforms-field-container\"><div id=\"wpforms-101-field_1-container\" class=\"wpforms-field wpforms-field-name\" data-field-id=\"1\"><label class=\"wpforms-field-label\" for=\"wpforms-101-field_1\">Nimi <span class=\"wpforms-required-label\" aria-hidden=\"true\">*<\/span><\/label><input type=\"text\" id=\"wpforms-101-field_1\" class=\"wpforms-field-medium wpforms-field-required\" name=\"wpforms[fields][1]\" aria-errormessage=\"wpforms-101-field_1-error\" required><\/div><div id=\"wpforms-101-field_5-container\" class=\"wpforms-field wpforms-field-number\" data-field-id=\"5\"><label class=\"wpforms-field-label\" for=\"wpforms-101-field_5\">Telefon <span class=\"wpforms-required-label\" aria-hidden=\"true\">*<\/span><\/label><input type=\"number\" id=\"wpforms-101-field_5\" class=\"wpforms-field-medium wpforms-field-required\" name=\"wpforms[fields][5]\" step=\"any\" aria-errormessage=\"wpforms-101-field_5-error\" required><\/div><div id=\"wpforms-101-field_2-container\" class=\"wpforms-field wpforms-field-email\" data-field-id=\"2\"><label class=\"wpforms-field-label\" for=\"wpforms-101-field_2\">E-mail <span class=\"wpforms-required-label\" aria-hidden=\"true\">*<\/span><\/label><input type=\"email\" id=\"wpforms-101-field_2\" class=\"wpforms-field-medium wpforms-field-required\" name=\"wpforms[fields][2]\" spellcheck=\"false\" aria-errormessage=\"wpforms-101-field_2-error\" required><\/div>\t\t<div id=\"wpforms-101-field_4-container\"\n\t\t\tclass=\"wpforms-field wpforms-field-text\"\n\t\t\tdata-field-type=\"text\"\n\t\t\tdata-field-id=\"4\"\n\t\t\t>\n\t\t\t<label class=\"wpforms-field-label\" for=\"wpforms-101-field_4\" >sisu E-mail Telefon<\/label>\n\t\t\t<input type=\"text\" id=\"wpforms-101-field_4\" class=\"wpforms-field-medium\" name=\"wpforms[fields][4]\" >\n\t\t<\/div>\n\t\t<div id=\"wpforms-101-field_3-container\" class=\"wpforms-field wpforms-field-textarea\" data-field-id=\"3\"><label class=\"wpforms-field-label\" for=\"wpforms-101-field_3\">S\u00f5numi sisu <span class=\"wpforms-required-label\" aria-hidden=\"true\">*<\/span><\/label><textarea id=\"wpforms-101-field_3\" class=\"wpforms-field-medium wpforms-field-required\" name=\"wpforms[fields][3]\" aria-errormessage=\"wpforms-101-field_3-error\" required><\/textarea><\/div><script>\n\t\t\t\t( function() {\n\t\t\t\t\tconst style = document.createElement( 'style' );\n\t\t\t\t\tstyle.appendChild( document.createTextNode( '#wpforms-101-field_4-container { position: absolute !important; overflow: hidden !important; display: inline !important; height: 1px !important; width: 1px !important; z-index: -1000 !important; padding: 0 !important; } #wpforms-101-field_4-container input { visibility: hidden; } #wpforms-conversational-form-page #wpforms-101-field_4-container label { counter-increment: none; }' ) );\n\t\t\t\t\tdocument.head.appendChild( style );\n\t\t\t\t\tdocument.currentScript?.remove();\n\t\t\t\t} )();\n\t\t\t<\/script><\/div><!-- .wpforms-field-container --><div class=\"wpforms-submit-container\" ><input type=\"hidden\" name=\"wpforms[id]\" value=\"101\"><input type=\"hidden\" name=\"page_title\" value=\"\"><input type=\"hidden\" name=\"page_url\" value=\"https:\/\/kib.ee\/fi\/wp-json\/wp\/v2\/pages\/227\"><input type=\"hidden\" name=\"url_referer\" value=\"\"><button type=\"submit\" name=\"wpforms[submit]\" id=\"wpforms-submit-101\" class=\"wpforms-submit\" data-alt-text=\"Kirja saadetakse ...\" data-submit-text=\"Saada kiri\" aria-live=\"assertive\" value=\"wpforms-submit\">Saada kiri<\/button><img loading=\"lazy\" decoding=\"async\" src=\"https:\/\/kib.ee\/wp-content\/plugins\/wpforms-lite\/assets\/images\/submit-spin.svg\" class=\"wpforms-submit-spinner\" style=\"display: none;\" width=\"26\" height=\"26\" alt=\"Loading\"><\/div><\/form><\/div>  <!-- .wpforms-container --><\/div>\n<\/div>\n<\/div>\n\n<p><\/p>\n","protected":false},"excerpt":{"rendered":"<p>Tutustu KIB:n korkealaatuisiin teknisiin harjoihin! Olemme luotettava kumppani, joka tarjoaa korkealaatuisia teknisi\u00e4 harjoja. Tarjoamme ratkaisuja katujen puhdistukseen, lentokentille ja teollisuuteen. Tuotesegmenttimme Yrityksemme KIB tarjoaa laajan valikoiman harjoja huippulaadulla ja kilpailukykyiseen hintaan. Muoviset harjakiekot Saatavana sek\u00e4 suorana ett\u00e4 siksak-muodossa. Metalliset harjakiekot 0,45 metallilangalla ja metallisyd\u00e4mell\u00e4. Sivuharjat Saatavana metalli-, muovi- ja mixina-vaihtoehtoja. Harjavalssit Saatavana muovisena ja sekoitettuna. [&hellip;]<\/p>\n","protected":false},"author":1,"featured_media":0,"parent":0,"menu_order":0,"comment_status":"closed","ping_status":"closed","template":"no-title-sticky-header","meta":{"om_disable_all_campaigns":false,"_monsterinsights_skip_tracking":false,"_monsterinsights_sitenote_active":false,"_monsterinsights_sitenote_note":"","_monsterinsights_sitenote_category":0,"footnotes":""},"class_list":["post-227","page","type-page","status-publish","hentry"],"aioseo_notices":[],"_links":{"self":[{"href":"https:\/\/kib.ee\/fi\/wp-json\/wp\/v2\/pages\/227","targetHints":{"allow":["GET"]}}],"collection":[{"href":"https:\/\/kib.ee\/fi\/wp-json\/wp\/v2\/pages"}],"about":[{"href":"https:\/\/kib.ee\/fi\/wp-json\/wp\/v2\/types\/page"}],"author":[{"embeddable":true,"href":"https:\/\/kib.ee\/fi\/wp-json\/wp\/v2\/users\/1"}],"replies":[{"embeddable":true,"href":"https:\/\/kib.ee\/fi\/wp-json\/wp\/v2\/comments?post=227"}],"version-history":[{"count":6,"href":"https:\/\/kib.ee\/fi\/wp-json\/wp\/v2\/pages\/227\/revisions"}],"predecessor-version":[{"id":233,"href":"https:\/\/kib.ee\/fi\/wp-json\/wp\/v2\/pages\/227\/revisions\/233"}],"wp:attachment":[{"href":"https:\/\/kib.ee\/fi\/wp-json\/wp\/v2\/media?parent=227"}],"curies":[{"name":"wp","href":"https:\/\/api.w.org\/{rel}","templated":true}]}}